{"id":466,"date":"2024-03-05T09:51:11","date_gmt":"2024-03-05T08:51:11","guid":{"rendered":"https:\/\/elisecupelin.fr\/?page_id=466"},"modified":"2024-03-19T11:43:00","modified_gmt":"2024-03-19T10:43:00","slug":"mentions-legales","status":"publish","type":"page","link":"https:\/\/www.elisecupelin.fr\/index.php\/mentions-legales\/","title":{"rendered":"Mentions l\u00e9gales"},"content":{"rendered":"\n<p><em>Ce site est \u00e9dit\u00e9 par :<\/em><\/p>\n\n\n\n<p>\u00c9lise CUPELIN<\/p>\n\n\n\n<p>360 route des rives<br>Les Bossons<br>74400 Chamonix mont blanc<\/p>\n\n\n\n<p>SIRET : 53286186100021<br>Adh\u00e9rente de l&rsquo;<a href=\"https:\/\/www.anccef.fr\/\">ANCCEF<\/a><\/p>\n\n\n\n<p><em>Ce site est h\u00e9berg\u00e9 par :<\/em><\/p>\n\n\n\n<p>OVH <br>2 rue Kellermann<br>59 100 Roubaix<br>France<\/p>\n\n\n\n<p><em>Propri\u00e9t\u00e9 intellectuelle<\/em><\/p>\n\n\n\n<p>Photos : <\/p>\n\n\n\n<ul class=\"wp-block-list\">\n<li>\u00a9Anna Piunova<\/li>\n\n\n\n<li> <a href=\"https:\/\/unsplash.com\/fr\/@andriyko?utm_content=creditCopyText&amp;utm_medium=referral&amp;utm_source=unsplash\">Andriyko Podilnyk<\/a>,  <a href=\"https:\/\/unsplash.com\/fr\/@womanizer?utm_content=creditCopyText&amp;utm_medium=referral&amp;utm_source=unsplash\">Womanizer Toys<\/a>, <a href=\"https:\/\/unsplash.com\/fr\/@priscilladupreez?utm_content=creditCopyText&amp;utm_medium=referral&amp;utm_source=unsplash\">Priscilla Du Preez<\/a> sur <a href=\"https:\/\/unsplash.com\/fr\/photos\/loeil-de-lhomme-et-de-la-femme-nS058qhMYsk?utm_content=creditCopyText&amp;utm_medium=referral&amp;utm_source=unsplash\">Unsplash<\/a><\/li>\n<\/ul>\n","protected":false},"excerpt":{"rendered":"<p>Ce site est \u00e9dit\u00e9 par : \u00c9lise CUPELIN 360 route des rivesLes Bossons74400 Chamonix mont blanc SIRET : 53286186100021Adh\u00e9rente de l&rsquo;ANCCEF Ce site est h\u00e9berg\u00e9 par : OVH 2 rue Kellermann59 100 RoubaixFrance Propri\u00e9t\u00e9 intellectuelle Photos :<\/p>\n","protected":false},"author":1,"featured_media":0,"parent":0,"menu_order":0,"comment_status":"closed","ping_status":"closed","template":"","meta":{"_seopress_robots_primary_cat":"","_seopress_titles_title":"","_seopress_titles_desc":"","_seopress_robots_index":"","footnotes":""},"class_list":["post-466","page","type-page","status-publish","hentry"],"_links":{"self":[{"href":"https:\/\/www.elisecupelin.fr\/index.php\/wp-json\/wp\/v2\/pages\/466","targetHints":{"allow":["GET"]}}],"collection":[{"href":"https:\/\/www.elisecupelin.fr\/index.php\/wp-json\/wp\/v2\/pages"}],"about":[{"href":"https:\/\/www.elisecupelin.fr\/index.php\/wp-json\/wp\/v2\/types\/page"}],"author":[{"embeddable":true,"href":"https:\/\/www.elisecupelin.fr\/index.php\/wp-json\/wp\/v2\/users\/1"}],"replies":[{"embeddable":true,"href":"https:\/\/www.elisecupelin.fr\/index.php\/wp-json\/wp\/v2\/comments?post=466"}],"version-history":[{"count":4,"href":"https:\/\/www.elisecupelin.fr\/index.php\/wp-json\/wp\/v2\/pages\/466\/revisions"}],"predecessor-version":[{"id":607,"href":"https:\/\/www.elisecupelin.fr\/index.php\/wp-json\/wp\/v2\/pages\/466\/revisions\/607"}],"wp:attachment":[{"href":"https:\/\/www.elisecupelin.fr\/index.php\/wp-json\/wp\/v2\/media?parent=466"}],"curies":[{"name":"wp","href":"https:\/\/api.w.org\/{rel}","templated":true}]}}