{"id":221,"date":"2024-03-03T15:32:39","date_gmt":"2024-03-03T14:32:39","guid":{"rendered":"https:\/\/elisecupelin.fr\/?page_id=221"},"modified":"2024-04-29T16:49:49","modified_gmt":"2024-04-29T14:49:49","slug":"qui-suis-je","status":"publish","type":"page","link":"https:\/\/www.elisecupelin.fr\/index.php\/qui-suis-je\/","title":{"rendered":"Qui suis-je"},"content":{"rendered":"\n<div class=\"wp-block-columns alignfull has-background is-layout-flex wp-container-core-columns-is-layout-9d6595d7 wp-block-columns-is-layout-flex\" style=\"background-color:#ffffff\">\n<div class=\"wp-block-column is-vertically-aligned-stretch is-layout-flow wp-block-column-is-layout-flow\">\n<figure class=\"wp-block-pullquote alignfull has-text-align-center exergue has-text-color has-link-color wp-elements-204bcf21f522463b38a01a87c18f42cf\" style=\"color:#fb5767\"><blockquote><p>J\u2019ai \u00e0 c\u0153ur de vous transmettre des <strong>ressources et outils<\/strong> pour apprendre \u00e0 se <strong>connecter \u00e0 sa s\u00e9curit\u00e9 int\u00e9rieure<\/strong>, <strong>retrouver son d\u00e9sir<\/strong> et exp\u00e9rimenter le <strong>plaisir de changer<\/strong>.<br><br>C<strong>\u2019est une invitation \u00e0 grandir dans la relation&nbsp;!<\/strong><\/p><\/blockquote><\/figure>\n\n\n<div class=\"wp-block-image\">\n<figure class=\"aligncenter is-resized\"><img loading=\"lazy\" decoding=\"async\" width=\"602\" height=\"1131\" src=\"https:\/\/elisecupelin.fr\/wp-content\/uploads\/2024\/03\/photo-elise-qui-suis-je2.png\" alt=\"\" class=\"wp-image-245\" style=\"width:291px;height:auto\" srcset=\"https:\/\/www.elisecupelin.fr\/wp-content\/uploads\/2024\/03\/photo-elise-qui-suis-je2.png 602w, https:\/\/www.elisecupelin.fr\/wp-content\/uploads\/2024\/03\/photo-elise-qui-suis-je2-160x300.png 160w, https:\/\/www.elisecupelin.fr\/wp-content\/uploads\/2024\/03\/photo-elise-qui-suis-je2-545x1024.png 545w\" sizes=\"auto, (max-width: 602px) 100vw, 602px\" \/><\/figure>\n<\/div><\/div>\n\n\n\n<div class=\"wp-block-column is-vertically-aligned-stretch has-background is-layout-flow wp-block-column-is-layout-flow\" style=\"background-color:#ffffff\">\n<div class=\"wp-block-group alignfull has-text-color has-background has-link-color wp-elements-822f0c605a9f22598e12102e8e6cb547\" id=\"quisuisje\" style=\"color:#002758;background-color:#ffffff\"><div class=\"wp-block-group__inner-container is-layout-constrained wp-block-group-is-layout-constrained\">\n<p class=\"has-text-color has-link-color wp-elements-2b425c9221ead2c9f2d988a04024b9c0\" style=\"color:#002758\">Passionn\u00e9e par les sciences humaines et sociales, j\u2019ai commenc\u00e9 en 2008 un parcours universitaire en licence de psychologie, sciences cognitives et neurosciences.<\/p>\n\n\n\n<p>Dans une d\u00e9marche plus personnelle, j\u2019ai \u00e9galement d\u00e9couvert les th\u00e9rapies syst\u00e9miques orient\u00e9es solutions et plus particuli\u00e8rement les constellations familiales cr\u00e9es par Bert Hellinger (Arte Systemica \u2013 Constanze Lang).<\/p>\n\n\n\n<p>Mon d\u00e9sir d\u2019introspection m\u2019a ensuite amen\u00e9e \u00e0 partir voyager en Inde et m\u2019\u00e9tablir plusieurs semaines par an aupr\u00e8s d\u2019un enseignant pour apprendre la m\u00e9ditation.<\/p>\n\n\n\n<p>Nourrie par ces exp\u00e9riences pendant 10 ans et une curiosit\u00e9 insatiable, j\u2019ai par la suite choisi en 2018 un parcours universitaire, en Conseil Conjugal et Familial \u00e0 l\u2019Institut des Sciences de la Famille de Lyon, pour parfaire mes connaissances dans le domaine des relations et de la sexualit\u00e9.<\/p>\n\n\n\n<p>J\u2019ai exerc\u00e9 trois ann\u00e9es au centre de sant\u00e9 sexuelle des <a href=\"https:\/\/www.hpmb.fr\/\">H\u00f4pitaux du Mont-Blanc<\/a> comme <a href=\"https:\/\/elisecupelin.fr\/#conseillereconjugale\">Conseill\u00e8re Conjugale et Familiale<\/a>.<\/p>\n\n\n\n<p>Mes rencontres avec les patients et l\u2019\u00e9coute de ce qu\u2019ils vivaient au quotidien dans leurs relations m\u2019a port\u00e9e vers la n\u00e9cessit\u00e9 de me former de fa\u00e7on plus sp\u00e9cifique pour r\u00e9pondre \u00e0 leurs besoins.<\/p>\n\n\n\n<p>J\u2019ai choisi la sexoth\u00e9rapie consciente (<a href=\"https:\/\/www.margotfriedfilliozat.com\/\">Margot Fried-Filliozat<\/a>), une approche de pleine pr\u00e9sence et d\u2019\u00e9coute du corps pour accompagner chacun\/chacune \u00e0 (re)d\u00e9couvrir l\u2019intimit\u00e9.<\/p>\n\n\n\n<p>Et je continue \u00e0 me former sur la prise en charge du psychotraumatisme (<a href=\"https:\/\/therapiemosaic.com\/\">formation MOSAIC<\/a> en cours).<\/p>\n<\/div><\/div>\n<\/div>\n<\/div>\n\n\n\n<div class=\"wp-block-buttons is-content-justification-center is-layout-flex wp-container-core-buttons-is-layout-16018d1d wp-block-buttons-is-layout-flex\">\n<div class=\"wp-block-button\" style=\"text-transform:capitalize\"><a class=\"wp-block-button__link has-background wp-element-button\" href=\"https:\/\/elisecupelin.fr\/index.php\/prendre-rdv\/\" style=\"border-radius:50px;background-color:#fb5767\">Prendre rendez-vous<\/a><\/div>\n<\/div>\n","protected":false},"excerpt":{"rendered":"<p>J\u2019ai \u00e0 c\u0153ur de vous transmettre des ressources et outils pour apprendre \u00e0 se connecter \u00e0 sa s\u00e9curit\u00e9 int\u00e9rieure, retrouver son d\u00e9sir et exp\u00e9rimenter le plaisir de changer. C\u2019est une invitation \u00e0 grandir dans la relation&nbsp;! Passionn\u00e9e par les sciences humaines et sociales, j\u2019ai commenc\u00e9 en 2008 un parcours universitaire en licence de psychologie, sciences [&hellip;]<\/p>\n","protected":false},"author":1,"featured_media":0,"parent":0,"menu_order":0,"comment_status":"closed","ping_status":"closed","template":"","meta":{"_seopress_robots_primary_cat":"","_seopress_titles_title":"","_seopress_titles_desc":"","_seopress_robots_index":"","footnotes":""},"class_list":["post-221","page","type-page","status-publish","hentry"],"_links":{"self":[{"href":"https:\/\/www.elisecupelin.fr\/index.php\/wp-json\/wp\/v2\/pages\/221","targetHints":{"allow":["GET"]}}],"collection":[{"href":"https:\/\/www.elisecupelin.fr\/index.php\/wp-json\/wp\/v2\/pages"}],"about":[{"href":"https:\/\/www.elisecupelin.fr\/index.php\/wp-json\/wp\/v2\/types\/page"}],"author":[{"embeddable":true,"href":"https:\/\/www.elisecupelin.fr\/index.php\/wp-json\/wp\/v2\/users\/1"}],"replies":[{"embeddable":true,"href":"https:\/\/www.elisecupelin.fr\/index.php\/wp-json\/wp\/v2\/comments?post=221"}],"version-history":[{"count":57,"href":"https:\/\/www.elisecupelin.fr\/index.php\/wp-json\/wp\/v2\/pages\/221\/revisions"}],"predecessor-version":[{"id":1128,"href":"https:\/\/www.elisecupelin.fr\/index.php\/wp-json\/wp\/v2\/pages\/221\/revisions\/1128"}],"wp:attachment":[{"href":"https:\/\/www.elisecupelin.fr\/index.php\/wp-json\/wp\/v2\/media?parent=221"}],"curies":[{"name":"wp","href":"https:\/\/api.w.org\/{rel}","templated":true}]}}