{"id":2,"date":"2024-01-15T12:20:36","date_gmt":"2024-01-15T11:20:36","guid":{"rendered":"http:\/\/elisecupelin.fr\/?page_id=2"},"modified":"2024-09-03T16:24:07","modified_gmt":"2024-09-03T14:24:07","slug":"page-d-exemple","status":"publish","type":"page","link":"https:\/\/www.elisecupelin.fr\/","title":{"rendered":"Explorer ce qui d\u00e9termine vos relations"},"content":{"rendered":"\n<p><\/p>\n\n\n\n<div class=\"wp-block-cover alignfull is-light\" style=\"min-height:100vh;aspect-ratio:unset;\"><span aria-hidden=\"true\" class=\"wp-block-cover__background has-background-background-color has-background-dim-100 has-background-dim\"><\/span><div class=\"wp-block-cover__inner-container is-layout-constrained wp-block-cover-is-layout-constrained\">\n<h2 class=\"wp-block-heading has-text-align-center has-accent-color has-text-color has-link-color wp-elements-2cec9766bdbba6429545162fccb9dd32\">Se <mark style=\"background-color:rgba(0, 0, 0, 0);color:#fb5767\" class=\"has-inline-color\">connecter \u00e0 son d\u00e9sir<\/mark> et exp\u00e9rimenter <mark style=\"background-color:rgba(0, 0, 0, 0);color:#fb5767\" class=\"has-inline-color\">le plaisir de changer <\/mark><\/h2>\n\n\n\n<h3 class=\"wp-block-heading has-text-align-center has-accent-color has-text-color has-link-color wp-elements-0ebb5c0c7a8636bf5c9cbb85e94dd312\"><mark style=\"background-color:rgba(0, 0, 0, 0);color:#fb5767\" class=\"has-inline-color\">Relations<\/mark><br>de couple, parentale, familiale, amicale, coll\u00e9giale&#8230;<\/h3>\n\n\n<p style=\"text-transform:lowercase;\" class=\"is-style-outline wp-block-tag-cloud\">Il n\u2019y a aucun contenu \u00e0 afficher ici pour l\u2019instant.<\/p>\n\n\n<div class=\"to-the-content\"><a href=\"#jevousaccompagne\" class=\"to-the-content\"><svg class=\"svg-icon\" aria-hidden=\"true\" role=\"img\" focusable=\"false\" xmlns=\"http:\/\/www.w3.org\/2000\/svg\" width=\"22\" height=\"24\" viewBox=\"0 0 22 24\"><polygon fill=\"%23FFF\" points=\"721.105 856 721.105 874.315 728.083 867.313 730.204 869.41 719.59 880 709 869.41 711.074 867.313 718.076 874.315 718.076 856\" transform=\"translate(-709 -856)\"><\/polygon><\/svg><polygon fill=\"%23FFF\" points=\"721.105 856 721.105 874.315 728.083 867.313 730.204 869.41 719.59 880 709 869.41 711.074 867.313 718.076 874.315 718.076 856\" transform=\"translate(-709 -856)\"><\/polygon>\n<\/svg><\/a><\/div>\n<\/div><\/div>\n\n\n\n<div class=\"wp-block-cover alignfull has-parallax has-primary-color has-text-color has-link-color wp-elements-1403633ea4c1380b4b4291e88de3dc08\" style=\"min-height:100vh;aspect-ratio:unset;\" id=\"jevousaccompagne\"><span aria-hidden=\"true\" class=\"wp-block-cover__background has-background-dim wp-block-cover__gradient-background has-background-gradient\" style=\"background:linear-gradient(180deg,rgb(237,237,233) 26%,rgb(255,255,255) 100%)\"><\/span><div class=\"wp-block-cover__image-background wp-image-109 has-parallax\" style=\"background-position:50% 50%;background-image:url(https:\/\/elisecupelin.fr\/wp-content\/uploads\/2024\/02\/priscilla-du-preez-_4nz8rtOxO8-unsplash-1.jpg)\"><\/div><div class=\"wp-block-cover__inner-container is-layout-flow wp-block-cover-is-layout-flow\">\n<h3 class=\"wp-block-heading has-text-align-center has-text-color has-link-color wp-elements-394fde9d31c4f8dcdf1c33f06ffd3ee5\" style=\"color:#002758\">Je vous accompagne dans toutes les \u00e9tapes de votre <mark style=\"background-color:rgba(0, 0, 0, 0);color:#fb5767\" class=\"has-inline-color\">vie affective et sexuelle<\/mark><\/h3>\n\n\n\n<div class=\"wp-block-columns has-background is-layout-flex wp-container-core-columns-is-layout-9d6595d7 wp-block-columns-is-layout-flex\" style=\"background-color:#ffffff6e\">\n<div class=\"wp-block-column is-vertically-aligned-top is-layout-flow wp-block-column-is-layout-flow\">\n<p class=\"has-text-align-center has-text-color has-link-color wp-elements-f0e41d48b27bafef97d4fd16d9065ec8\" style=\"color:#002758\">Une approche globale bas\u00e9e sur l\u2019\u00e9coute du corps et de ses ressentis, consid\u00e9rant la personne dans son unicit\u00e9 <strong>ET <\/strong>en tant que membre d\u2019un syst\u00e8me familial. <\/p>\n<\/div>\n<\/div>\n\n\n\n<div class=\"to-the-content\"><a href=\"#desclespour\" class=\"to-the-content\"><svg class=\"svg-icon\" aria-hidden=\"true\" role=\"img\" focusable=\"false\" xmlns=\"http:\/\/www.w3.org\/2000\/svg\" width=\"22\" height=\"24\" viewBox=\"0 0 22 24\"><polygon fill=\"%23FFF\" points=\"721.105 856 721.105 874.315 728.083 867.313 730.204 869.41 719.59 880 709 869.41 711.074 867.313 718.076 874.315 718.076 856\" transform=\"translate(-709 -856)\"><\/polygon><\/svg><polygon fill=\"%23FFF\" points=\"721.105 856 721.105 874.315 728.083 867.313 730.204 869.41 719.59 880 709 869.41 711.074 867.313 718.076 874.315 718.076 856\" transform=\"translate(-709 -856)\"><\/polygon>\n<\/svg><\/a><\/div>\n\n\n\n<h3 class=\"wp-block-heading has-text-align-center has-text-color has-link-color wp-elements-271c02c3b747f37dfc953fc6cc426589\" style=\"color:#002758\"><mark style=\"background-color:rgba(0, 0, 0, 0);color:#fb5767\" class=\"has-inline-color\">Grandir ensemble<\/mark>, en relation consciente avec l\u2019autre.<\/h3>\n<\/div><\/div>\n\n\n\n<div class=\"wp-block-cover alignfull is-light\" style=\"min-height:100vh;aspect-ratio:unset;\" id=\"desclespour\"><span aria-hidden=\"true\" class=\"wp-block-cover__background has-background-background-color has-background-dim-100 has-background-dim\"><\/span><div class=\"wp-block-cover__inner-container is-layout-constrained wp-block-cover-is-layout-constrained\">\n<h3 class=\"wp-block-heading has-text-align-center has-text-color has-link-color wp-elements-83c34dfcec6fa958687492a2bac48aab\" style=\"color:#002758\">Vous trouverez des cl\u00e9s pour :<\/h3>\n\n\n\n<ul style=\"background-color:#ffffff\" class=\"wp-block-list has-background\">\n<li>Un <strong>Retour vers Soi<\/strong><\/li>\n\n\n\n<li>Se<mark style=\"background-color:rgba(0, 0, 0, 0);color:#f5bc00\" class=\"has-inline-color\"> <\/mark><strong>d\u00e9-identifier<\/strong> (croyances limitantes, sch\u00e9mas familiaux)<\/li>\n\n\n\n<li>Des <strong>pratiques concr\u00e8tes<\/strong> dans le quotidien pour vivre <strong>en relation consciente<\/strong><\/li>\n<\/ul>\n\n\n\n<div class=\"to-the-content\"><a href=\"#conseillereconjugale\" class=\"to-the-content\"><svg class=\"svg-icon\" aria-hidden=\"true\" role=\"img\" focusable=\"false\" xmlns=\"http:\/\/www.w3.org\/2000\/svg\" width=\"22\" height=\"24\" viewBox=\"0 0 22 24\"><polygon fill=\"%23FFF\" points=\"721.105 856 721.105 874.315 728.083 867.313 730.204 869.41 719.59 880 709 869.41 711.074 867.313 718.076 874.315 718.076 856\" transform=\"translate(-709 -856)\"><\/polygon><\/svg><polygon fill=\"%23FFF\" points=\"721.105 856 721.105 874.315 728.083 867.313 730.204 869.41 719.59 880 709 869.41 711.074 867.313 718.076 874.315 718.076 856\" transform=\"translate(-709 -856)\"><\/polygon>\n<\/svg><\/a><\/div>\n<\/div><\/div>\n\n\n\n<div class=\"wp-block-cover alignfull is-light\" style=\"min-height:100vh;aspect-ratio:unset;\" id=\"conseillereconjugale\"><span aria-hidden=\"true\" class=\"wp-block-cover__background has-background-dim-100 has-background-dim\" style=\"background-color:#edede9\"><\/span><div class=\"wp-block-cover__inner-container is-layout-constrained wp-block-cover-is-layout-constrained\">\n<h3 class=\"wp-block-heading alignwide has-text-align-center has-text-color has-link-color wp-elements-c3311620835239e68287d2d57d88fb2a\" style=\"color:#002758\">Qu\u2019est-ce qu\u2019une Conseill\u00e8re Conjugale et Familiale&nbsp;?<\/h3>\n\n\n<div class=\"wp-block-image\">\n<figure class=\"aligncenter size-full is-resized\"><img loading=\"lazy\" decoding=\"async\" width=\"426\" height=\"116\" src=\"https:\/\/elisecupelin.fr\/wp-content\/uploads\/2024\/02\/image1.png\" alt=\"anccef.fr\" class=\"wp-image-144\" style=\"width:198px;height:auto\" srcset=\"https:\/\/www.elisecupelin.fr\/wp-content\/uploads\/2024\/02\/image1.png 426w, https:\/\/www.elisecupelin.fr\/wp-content\/uploads\/2024\/02\/image1-300x82.png 300w\" sizes=\"auto, (max-width: 426px) 100vw, 426px\" \/><\/figure>\n<\/div>\n\n\n<p class=\"has-text-color has-link-color wp-elements-3f0eeeff8a69a669932265a9cd0a4218\" style=\"color:#002758\">Un <a href=\"https:\/\/www.anccef.fr\/\">m\u00e9tier <\/a>n\u00e9 dans les ann\u00e9es 60 avec la cr\u00e9ation des centres de planification et d\u2019\u00e9ducation familiale, qui avait pour mission d\u2019accompagner les femmes et leurs partenaires autour des questions de vie affective, sexualit\u00e9 et parentalit\u00e9.<\/p>\n\n\n\n<p class=\"has-text-color has-link-color wp-elements-5d561774608f8f8a8e07b558736fd31a\" style=\"color:#002758\">Un m\u00e9tier, pr\u00e9sent aujourd\u2019hui dans tous les centres de sant\u00e9 sexuelle, qui permet une offre de soin en sant\u00e9 sexuelle.<\/p>\n\n\n\n<details class=\"wp-block-details has-text-color has-link-color wp-elements-f989e03a1d844f437bb4b33eb77c4320 is-layout-flow wp-block-details-is-layout-flow\" style=\"color:#002758\"><summary>En savoir plus<\/summary>\n<ul class=\"wp-block-list\">\n<li>Accompagnement autour de la vie affective, relationnelle et la sexualit\u00e9 \u00e0 tous les \u00e2ges<\/li>\n\n\n\n<li>Interventions scolaires en psycho\u00e9ducation sexuelle et d\u00e9veloppement des comp\u00e9tences relationnelles chez les jeunes<\/li>\n\n\n\n<li>Accompagnement du couple \/ d\u00e9nouement de situations relationnelles conflictuelles<\/li>\n\n\n\n<li>Soutien \u00e0 la parentalit\u00e9<\/li>\n\n\n\n<li>Pr\u00e9vention des violences<\/li>\n\n\n\n<li>Accompagnement des interruptions volontaires de grossesse (IVG)<\/li>\n<\/ul>\n\n\n\n<p><\/p>\n<\/details>\n<\/div><\/div>\n\n\n\n<div style=\"height:4rem\" aria-hidden=\"true\" class=\"wp-block-spacer\"><\/div>\n\n\n\n    \r\n    <div class=\"tss_testimonial_slider dots_true\" style=\"text-align:center; max-width:px; padding:0 20px;\">\r\n        <div class=\"owl-carousel tss_testimonial_slider_2078111028\" style=\"padding:0 20px;\">\r\n            <div class=\"tss_item\"><div class=\"tss_item_in\"><p>\u00ab T\u00e9moignage. \u00bb<\/p><strong><\/strong><\/div><\/div>\n<div class=\"tss_item\"><div class=\"tss_item_in\"><p>\u00ab T\u00e9moignage. \u00bb<\/p><strong><\/strong><\/div><\/div>        <\/div>\r\n    <\/div>\r\n    \r\n    <script type=\"text\/javascript\">\r\n\t\tjQuery(document).ready(function($){\r\n\t\t\t$(\".tss_testimonial_slider_2078111028\").owlCarousel({\r\n\t\t\t\tloop\t: true,\r\n\t\t\t\tdots\t: true,\r\n\t\t\t\tnav\t: true,\r\n\t\t\t\tautoplay: true,\r\n\t\t\t\tmargin: 0,\r\n\t\t\t\tresponsive:{\r\n\t\t\t\t\t0:{\r\n\t\t\t\t\t\titems:1\r\n\t\t\t\t\t},\r\n\t\t\t\t\t600:{\r\n\t\t\t\t\t\titems:1\r\n\t\t\t\t\t},\r\n\t\t\t\t\t1000:{\r\n\t\t\t\t\t\titems:1\r\n\t\t\t\t\t}\r\n\t\t\t\t}\r\n\t\t\t});\r\n\t\t});\r\n\t<\/script>\r\n    \n","protected":false},"excerpt":{"rendered":"","protected":false},"author":1,"featured_media":931,"parent":0,"menu_order":0,"comment_status":"closed","ping_status":"open","template":"templates\/template-cover.php","meta":{"_seopress_robots_primary_cat":"","_seopress_titles_title":"","_seopress_titles_desc":"","_seopress_robots_index":"","footnotes":""},"class_list":["post-2","page","type-page","status-publish","has-post-thumbnail","hentry"],"_links":{"self":[{"href":"https:\/\/www.elisecupelin.fr\/index.php\/wp-json\/wp\/v2\/pages\/2","targetHints":{"allow":["GET"]}}],"collection":[{"href":"https:\/\/www.elisecupelin.fr\/index.php\/wp-json\/wp\/v2\/pages"}],"about":[{"href":"https:\/\/www.elisecupelin.fr\/index.php\/wp-json\/wp\/v2\/types\/page"}],"author":[{"embeddable":true,"href":"https:\/\/www.elisecupelin.fr\/index.php\/wp-json\/wp\/v2\/users\/1"}],"replies":[{"embeddable":true,"href":"https:\/\/www.elisecupelin.fr\/index.php\/wp-json\/wp\/v2\/comments?post=2"}],"version-history":[{"count":118,"href":"https:\/\/www.elisecupelin.fr\/index.php\/wp-json\/wp\/v2\/pages\/2\/revisions"}],"predecessor-version":[{"id":1137,"href":"https:\/\/www.elisecupelin.fr\/index.php\/wp-json\/wp\/v2\/pages\/2\/revisions\/1137"}],"wp:featuredmedia":[{"embeddable":true,"href":"https:\/\/www.elisecupelin.fr\/index.php\/wp-json\/wp\/v2\/media\/931"}],"wp:attachment":[{"href":"https:\/\/www.elisecupelin.fr\/index.php\/wp-json\/wp\/v2\/media?parent=2"}],"curies":[{"name":"wp","href":"https:\/\/api.w.org\/{rel}","templated":true}]}}