{"id":152,"date":"2024-02-27T11:48:38","date_gmt":"2024-02-27T10:48:38","guid":{"rendered":"https:\/\/elisecupelin.fr\/?page_id=152"},"modified":"2024-04-25T22:27:32","modified_gmt":"2024-04-25T20:27:32","slug":"accompagnements","status":"publish","type":"page","link":"https:\/\/www.elisecupelin.fr\/index.php\/accompagnements\/","title":{"rendered":"Accompagnements et outils de th\u00e9rapie"},"content":{"rendered":"\n<div class=\"wp-block-columns alignfull are-vertically-aligned-top has-background is-layout-flex wp-container-core-columns-is-layout-9d6595d7 wp-block-columns-is-layout-flex\" id=\"menu-accompagnements\" style=\"background-color:#ffffff\">\n<div class=\"wp-block-column is-vertically-aligned-top is-layout-flow wp-block-column-is-layout-flow\">\n<div class=\"wp-block-buttons alignfull is-content-justification-center is-layout-flex wp-container-core-buttons-is-layout-16018d1d wp-block-buttons-is-layout-flex\">\n<div class=\"wp-block-button has-custom-font-size is-style-outline is-style-outline--1\" style=\"font-size:1.2em\"><a class=\"wp-block-button__link has-background-background-color has-text-color has-background has-link-color wp-element-button\" href=\"#sexotherapie\" style=\"border-radius:49px;color:#9b2226\">Sexoth\u00e9rapie et th\u00e9rapie de couple<\/a><\/div>\n\n\n\n<div class=\"wp-block-button has-custom-font-size is-style-outline is-style-outline--2\" style=\"font-size:1.2em\"><a class=\"wp-block-button__link has-text-color has-link-color wp-element-button\" href=\"#jeunes\" style=\"border-radius:50px;color:#f5bc00\">Sant\u00e9 sexuelle jeunes<\/a><\/div>\n\n\n\n<div class=\"wp-block-button has-custom-font-size is-style-outline is-style-outline--3\" style=\"font-size:1.2em\"><a class=\"wp-block-button__link has-text-color has-link-color wp-element-button\" href=\"#breves\" style=\"border-radius:50px;color:#005566\">Th\u00e9rapies br\u00e8ves orient\u00e9es solutions<\/a><\/div>\n\n\n\n<div class=\"wp-block-button has-custom-font-size is-style-outline is-style-outline--4\" style=\"font-size:1.2em\"><a class=\"wp-block-button__link has-secondary-color has-text-color has-link-color wp-element-button\" href=\"#collaborations\" style=\"border-radius:50px\">Collaborations<\/a><\/div>\n<\/div>\n<\/div>\n<\/div>\n\n\n\n<div class=\"wp-block-cover alignfull is-light\" style=\"min-height:545px;aspect-ratio:unset;\" id=\"sexotherapie\"><span aria-hidden=\"true\" class=\"wp-block-cover__background has-background-background-color has-background-dim-100 has-background-dim\"><\/span><div class=\"wp-block-cover__inner-container is-layout-constrained wp-block-cover-is-layout-constrained\">\n<hr class=\"wp-block-separator alignfull has-text-color has-alpha-channel-opacity has-background is-style-wide\" style=\"background-color:#9b2226;color:#9b2226\"\/>\n\n\n\n<h2 class=\"wp-block-heading alignfull has-text-align-center has-text-color has-link-color wp-elements-7cf8214ce53877dee4f5c074826c6fc4\" style=\"color:#9b2226\">Sexoth\u00e9rapie et th\u00e9rapie de couple<\/h2>\n\n\n\n<div class=\"wp-block-group alignfull\"><div class=\"wp-block-group__inner-container is-layout-constrained wp-block-group-is-layout-constrained\">\n<details class=\"wp-block-details is-layout-flow wp-block-details-is-layout-flow\"><summary>&nbsp;Si vous rencontrez l&rsquo;une de ces situations<\/summary>\n<p class=\"has-text-align-center\"><em>Je rencontre des difficult\u00e9s relationnelles ou de communication dans mon couple.<\/em><\/p>\n\n\n\n<p class=\"has-text-align-center\"><em>J\u2019ai de la difficult\u00e9 \u00e0 parler de sexualit\u00e9 ; ou la sexualit\u00e9 est un sujet tabou pour moi ou dans mon couple.<\/em><\/p>\n\n\n\n<p><\/p>\n\n\n\n<p class=\"has-text-align-center\"><em>Mon\/Ma partenaire et moi vivons des incompr\u00e9hensions dans notre intimit\u00e9 ; il est parfois compliqu\u00e9 de nous rejoindre ou\/ nous avons l\u2019impression d\u2019\u00eatre incompatibles.<\/em><\/p>\n\n\n\n<p class=\"has-text-align-center\"><em>Je vis dans mon couple une baisse de libido\/perte de d\u00e9sir ou\/ nous observons un d\u00e9s\u00e9quilibre du d\u00e9sir dans notre couple.<\/em><\/p>\n\n\n\n<p class=\"has-text-align-center\"><em>Je rencontre des difficult\u00e9s dans ma sexualit\u00e9 pendant\/apr\u00e8s une grossesse.<\/em><\/p>\n\n\n\n<p class=\"has-text-align-center\"><em>J\u2019ai la sensation d\u2019avoir un blocage ou un probl\u00e8me en lien avec la sexualit\u00e9.<\/em><\/p>\n\n\n\n<p class=\"has-text-align-center\"><em>J\u2019ai des douleurs pendant les rapports (mycoses \u00e0 r\u00e9p\u00e9tition, vaginisme, dyspareunies).<\/em><\/p>\n\n\n\n<p class=\"has-text-align-center\"><em>J\u2019ai des troubles de l\u2019\u00e9rection ou d\u2019\u00e9jaculation pr\u00e9coce.<\/em><\/p>\n\n\n\n<p class=\"has-text-align-center\"><em>Je me sens coup\u00e9(e) de mes ressentis ; je suis dans mes pens\u00e9es et mon mental.<\/em><\/p>\n\n\n\n<p class=\"has-text-align-center\"><em>Je me sens happ\u00e9(e) par des \u00e9v\u00e9nements traumatiques.<\/em><\/p>\n\n\n\n<p class=\"has-text-align-center\"><em>J\u2019ai envie de vivre et d\u2019exp\u00e9rimenter une sexualit\u00e9 plus \u00e9panouie.<\/em><\/p>\n\n\n\n<p class=\"has-text-align-center\"><em>J\u2019ai envie de d\u00e9velopper des comp\u00e9tences relationnelles et \u00e9motionnelles.<\/em><\/p>\n\n\n\n<p class=\"has-text-align-center\"><em>Je m\u2019int\u00e9resse \u00e0 la sexualit\u00e9 et je souhaite acqu\u00e9rir des comp\u00e9tences en psycho\u00e9ducation sexuelle.<\/em><\/p>\n<\/details>\n<\/div><\/div>\n<\/div><\/div>\n\n\n\n<div class=\"wp-block-cover alignfull is-light has-parallax has-custom-content-position is-position-top-center\" style=\"min-height:100vh;aspect-ratio:unset;\"><span aria-hidden=\"true\" class=\"wp-block-cover__background has-background-background-color has-background-dim-0 has-background-dim\"><\/span><div role=\"img\" aria-label=\"sexoth\u00e9rapie\" class=\"wp-block-cover__image-background wp-image-303 has-parallax\" style=\"background-position:50% 50%;background-image:url(http:\/\/elisecupelin.fr\/wp-content\/uploads\/2024\/03\/womanizer-toys-1e3-lYkJsfs-unsplash-1.jpg)\"><\/div><div class=\"wp-block-cover__inner-container is-layout-constrained wp-block-cover-is-layout-constrained\">\n<div class=\"wp-block-columns has-background is-layout-flex wp-container-core-columns-is-layout-9d6595d7 wp-block-columns-is-layout-flex\" style=\"background-color:#ffffff99\">\n<div class=\"wp-block-column is-layout-flow wp-block-column-is-layout-flow\"><div class=\"wp-block-image\">\n<figure data-wp-context=\"{&quot;imageId&quot;:&quot;69ded7cabf518&quot;}\" data-wp-interactive=\"core\/image\" data-wp-key=\"69ded7cabf518\" class=\"aligncenter size-full is-resized wp-lightbox-container\"><img loading=\"lazy\" decoding=\"async\" width=\"893\" height=\"750\" data-wp-class--hide=\"state.isContentHidden\" data-wp-class--show=\"state.isContentVisible\" data-wp-init=\"callbacks.setButtonStyles\" data-wp-on--click=\"actions.showLightbox\" data-wp-on--load=\"callbacks.setButtonStyles\" data-wp-on-window--resize=\"callbacks.setButtonStyles\" src=\"https:\/\/elisecupelin.fr\/wp-content\/uploads\/2024\/03\/9176356_4096999-edited.png\" alt=\"th\u00e9rapie conjugale\" class=\"wp-image-500\" style=\"width:350px\" srcset=\"https:\/\/www.elisecupelin.fr\/wp-content\/uploads\/2024\/03\/9176356_4096999-edited.png 893w, https:\/\/www.elisecupelin.fr\/wp-content\/uploads\/2024\/03\/9176356_4096999-edited-300x252.png 300w, https:\/\/www.elisecupelin.fr\/wp-content\/uploads\/2024\/03\/9176356_4096999-edited-768x645.png 768w\" sizes=\"auto, (max-width: 893px) 100vw, 893px\" \/><button\n\t\t\tclass=\"lightbox-trigger\"\n\t\t\ttype=\"button\"\n\t\t\taria-haspopup=\"dialog\"\n\t\t\taria-label=\"Agrandir\"\n\t\t\tdata-wp-init=\"callbacks.initTriggerButton\"\n\t\t\tdata-wp-on--click=\"actions.showLightbox\"\n\t\t\tdata-wp-style--right=\"state.imageButtonRight\"\n\t\t\tdata-wp-style--top=\"state.imageButtonTop\"\n\t\t>\n\t\t\t<svg xmlns=\"http:\/\/www.w3.org\/2000\/svg\" width=\"12\" height=\"12\" fill=\"none\" viewBox=\"0 0 12 12\">\n\t\t\t\t<path fill=\"#fff\" d=\"M2 0a2 2 0 0 0-2 2v2h1.5V2a.5.5 0 0 1 .5-.5h2V0H2Zm2 10.5H2a.5.5 0 0 1-.5-.5V8H0v2a2 2 0 0 0 2 2h2v-1.5ZM8 12v-1.5h2a.5.5 0 0 0 .5-.5V8H12v2a2 2 0 0 1-2 2H8Zm2-12a2 2 0 0 1 2 2v2h-1.5V2a.5.5 0 0 0-.5-.5H8V0h2Z\" \/>\n\t\t\t<\/svg>\n\t\t<\/button><\/figure>\n<\/div>\n\n\n<div class=\"wp-block-group is-vertical is-layout-flex wp-container-core-group-is-layout-76a81b31 wp-block-group-is-layout-flex\">\n<p>Je vous propose une d\u00e9marche en sexoth\u00e9rapie et\/ou th\u00e9rapie de couple pour&nbsp;:<\/p>\n\n\n\n<ul class=\"wp-block-list\">\n<li>Apprendre \u00e0 se connecter \u00e0 sa s\u00e9curit\u00e9 int\u00e9rieure<\/li>\n\n\n\n<li>D\u00e9velopper ses ressources<\/li>\n\n\n\n<li>Apprendre \u00e0 mieux se connaitre<\/li>\n\n\n\n<li>Se connecter \u00e0 son corps et ses sensations<\/li>\n\n\n\n<li>Retrouver son d\u00e9sir<\/li>\n\n\n\n<li>S\u2019exprimer pleinement<\/li>\n\n\n\n<li>D\u00e9nouer des situations conflictuelles<\/li>\n\n\n\n<li>Exp\u00e9rimenter le plaisir de changer et grandir dans la relation<\/li>\n<\/ul>\n<\/div>\n<\/div>\n<\/div>\n<\/div><\/div>\n\n\n\n<div style=\"height:50px\" aria-hidden=\"true\" class=\"wp-block-spacer\"><\/div>\n\n\n\n<div class=\"wp-block-cover alignfull is-light\" style=\"min-height:20vh;aspect-ratio:unset;\" id=\"jeunes\"><span aria-hidden=\"true\" class=\"wp-block-cover__background has-background-background-color has-background-dim-0 has-background-dim\"><\/span><div class=\"wp-block-cover__inner-container is-layout-constrained wp-block-cover-is-layout-constrained\">\n<hr class=\"wp-block-separator alignwide has-text-color has-alpha-channel-opacity has-background is-style-wide\" style=\"background-color:#f5bc00;color:#f5bc00\"\/>\n\n\n\n<h2 class=\"wp-block-heading alignfull has-text-align-center has-text-color has-link-color wp-elements-1fc4544940d64d37e54081e493643cc0\" style=\"color:#f5bc00\">Sant\u00e9 sexuelle jeunes<\/h2>\n<\/div><\/div>\n\n\n\n<div class=\"wp-block-cover alignfull is-light has-parallax has-custom-content-position is-position-top-center\" style=\"min-height:100vh;aspect-ratio:unset;\"><span aria-hidden=\"true\" class=\"wp-block-cover__background has-primary-background-color has-background-dim-10 has-background-dim\"><\/span><div role=\"img\" aria-label=\"sant\u00e9 ssexuelle jeunes\" class=\"wp-block-cover__image-background wp-image-326 has-parallax\" style=\"background-position:50% 50%;background-image:url(https:\/\/elisecupelin.fr\/wp-content\/uploads\/2024\/03\/andriyko-podilnyk-nS058qhMYsk-unsplash-1.jpg)\"><\/div><div class=\"wp-block-cover__inner-container is-layout-constrained wp-block-cover-is-layout-constrained\">\n<div class=\"wp-block-columns has-background is-layout-flex wp-container-core-columns-is-layout-9d6595d7 wp-block-columns-is-layout-flex\" style=\"background-color:#ffffffba\">\n<div class=\"wp-block-column is-vertically-aligned-center is-layout-flow wp-block-column-is-layout-flow\">\n<p>Dans un espace de communication confidentiel, respectueux et bienveillant.<\/p>\n\n\n\n<p>Je propose un accompagnement sur-mesure (en individuel ou en groupe), dans le respect de la demande des jeunes, pour leur permettre d\u2019acqu\u00e9rir des outils de psycho \u00e9ducation autour de leurs questionnements sur la vie affective et relationnelle.<\/p>\n\n\n\n<p class=\"has-text-align-left\">Pour leur permettre de&nbsp;:<\/p>\n\n\n\n<ul class=\"wp-block-list\">\n<li>D\u00e9velopper des comp\u00e9tences relationnelles<\/li>\n\n\n\n<li>Apprendre \u00e0 se connaitre<\/li>\n\n\n\n<li>S\u2019exprimer dans la relation<\/li>\n\n\n\n<li>Mettre en pratique ces comp\u00e9tences dans les relations amicales, familiales et amoureuses.<\/li>\n<\/ul>\n\n\n\n<p>J\u2019interviens aussi aupr\u00e8s des jeunes en interventions scolaires ou dans le cadre d\u2019ateliers associatifs<\/p>\n\n\n\n<figure class=\"wp-block-image alignfull size-large\"><img loading=\"lazy\" decoding=\"async\" width=\"1024\" height=\"768\" src=\"https:\/\/elisecupelin.fr\/wp-content\/uploads\/2024\/03\/elise-sante-sexuelle-jeunes2-1024x768.jpg\" alt=\"interventions scolaires\" class=\"wp-image-378\" srcset=\"https:\/\/www.elisecupelin.fr\/wp-content\/uploads\/2024\/03\/elise-sante-sexuelle-jeunes2-1024x768.jpg 1024w, https:\/\/www.elisecupelin.fr\/wp-content\/uploads\/2024\/03\/elise-sante-sexuelle-jeunes2-300x225.jpg 300w, https:\/\/www.elisecupelin.fr\/wp-content\/uploads\/2024\/03\/elise-sante-sexuelle-jeunes2-768x576.jpg 768w, https:\/\/www.elisecupelin.fr\/wp-content\/uploads\/2024\/03\/elise-sante-sexuelle-jeunes2-1200x900.jpg 1200w, https:\/\/www.elisecupelin.fr\/wp-content\/uploads\/2024\/03\/elise-sante-sexuelle-jeunes2.jpg 1280w\" sizes=\"auto, (max-width: 1024px) 100vw, 1024px\" \/><\/figure>\n<\/div>\n<\/div>\n<\/div><\/div>\n\n\n\n<div style=\"height:50px\" aria-hidden=\"true\" class=\"wp-block-spacer\"><\/div>\n\n\n\n<div class=\"wp-block-cover alignfull is-light\" style=\"min-height:20vh;aspect-ratio:unset;\" id=\"breves\"><span aria-hidden=\"true\" class=\"wp-block-cover__background has-background-background-color has-background-dim-100 has-background-dim\"><\/span><div class=\"wp-block-cover__inner-container is-layout-constrained wp-block-cover-is-layout-constrained\">\n<hr class=\"wp-block-separator alignwide has-text-color has-alpha-channel-opacity has-background is-style-wide\" style=\"background-color:#005566;color:#005566\"\/>\n\n\n\n<h2 class=\"wp-block-heading alignfull has-text-align-center has-text-color has-link-color wp-elements-2060815ef9b548f81ac0956487a5429f\" style=\"color:#005566\">Th\u00e9rapies br\u00e8ves orient\u00e9es solutions<\/h2>\n<\/div><\/div>\n\n\n\n<div class=\"wp-block-cover alignfull is-light has-parallax has-custom-content-position is-position-top-center\" style=\"min-height:100vh;aspect-ratio:unset;\" id=\"constellations\"><span aria-hidden=\"true\" class=\"wp-block-cover__background has-background-background-color has-background-dim-0 has-background-dim\"><\/span><div role=\"img\" aria-label=\"constallations familles\" class=\"wp-block-cover__image-background wp-image-341 has-parallax\" style=\"background-position:50% 50%;background-image:url(https:\/\/elisecupelin.fr\/wp-content\/uploads\/2024\/03\/markus-winkler-aYPtEknQmXE-unsplash-scaled.jpg)\"><\/div><div class=\"wp-block-cover__inner-container is-layout-constrained wp-block-cover-is-layout-constrained\">\n<div class=\"wp-block-group has-background is-vertical is-content-justification-left is-layout-flex wp-container-core-group-is-layout-c0ca7d81 wp-block-group-is-layout-flex\" style=\"background-color:#ffffff99\">\n<h3 class=\"wp-block-heading has-text-align-center has-large-font-size\">Constellations familiales syst\u00e9miques<\/h3>\n\n\n\n<div class=\"wp-block-group alignwide is-vertical is-layout-flex wp-container-core-group-is-layout-8cf370e7 wp-block-group-is-layout-flex\" id=\"constellations\">\n<p>Je vous propose des s\u00e9ances individuelles et des ateliers en groupe pour poser une situation de vie actuelle et mettre \u00e0 jour les liens et identifications inconscientes pr\u00e9sentes dans votre syst\u00e8me familial.<\/p>\n\n\n\n<p>Vous trouverez des cl\u00e9s pour se d\u00e9faire des sch\u00e9mas familiaux et reprendre une juste place dans votre famille<\/p>\n\n\n\n<p>Lorsqu\u2019un membre du syst\u00e8me familial est exclu (mis de c\u00f4t\u00e9\/oubli\u00e9 \u00e0 la suite d\u2019un \u00e9v\u00e9nement \u2013 accident, d\u00e9c\u00e8s, exclusion \u2013 ou qu\u2019une situation a laiss\u00e9 une impacte \u00e9motionnelle et\/ou traumatique), le syst\u00e8me se r\u00e9organise pour maintenir l\u2019hom\u00e9ostasie, entrainant des intrications et\/ou identifications avec un autre membre de la famille.<\/p>\n\n\n\n<p>Le th\u00e9rapeute peut alors observer ce syst\u00e8me qui s\u2019organise autour de lois d\u2019appartenance \u00e0 un groupe, de lien entre les individus et la place de chacun.<\/p>\n\n\n\n<p><strong>Il nous appartient \u00e0 chacun\/chacune de changer notre vision sur le monde qui nous entoure et de reprendre notre juste place&nbsp;!<\/strong><\/p>\n<\/div>\n<\/div>\n<\/div><\/div>\n\n\n\n<div style=\"height:4em\" aria-hidden=\"true\" class=\"wp-block-spacer\"><\/div>\n\n\n\n<div class=\"wp-block-cover alignfull has-parallax\" style=\"min-height:100vh;aspect-ratio:unset;\" id=\"mosaic\"><span aria-hidden=\"true\" class=\"wp-block-cover__background has-background-dim-10 has-background-dim\" style=\"background-color:#005566\"><\/span><div role=\"img\" aria-label=\"th\u00e9rapie MOZAIC\" class=\"wp-block-cover__image-background wp-image-869 has-parallax\" style=\"background-position:50% 50%;background-image:url(http:\/\/elisecupelin.fr\/wp-content\/uploads\/2024\/04\/sean-stratton-ObpCE_X3j6U-unsplash-scaled.jpg)\"><\/div><div class=\"wp-block-cover__inner-container is-layout-constrained wp-block-cover-is-layout-constrained\">\n<div style=\"height:20px\" aria-hidden=\"true\" class=\"wp-block-spacer\"><\/div>\n\n\n\n<div id=\"mosaic\" class=\"wp-block-group has-primary-color has-text-color has-background has-link-color wp-elements-0d50f5e09bd0f41d95e370051115389d is-vertical is-layout-flex wp-container-core-group-is-layout-8cf370e7 wp-block-group-is-layout-flex\" style=\"background-color:#ffffffba\">\n<h3 class=\"wp-block-heading has-text-align-center has-large-font-size\">Th\u00e9rapie Mosaic<\/h3>\n\n\n\n<p class=\"has-text-align-center\"><em><strong>\u00ab&nbsp;Qu\u2019est-ce que la Th\u00e9rapie MOSAIC cr\u00e9\u00e9e en 2019 ?<\/strong><\/em><\/p>\n\n\n\n<p>La th\u00e9rapie MOSAIC est une th\u00e9rapie qui appartient aux th\u00e9rapies br\u00e8ves strat\u00e9giques orient\u00e9es solution, et s\u2019appuie sur un mod\u00e8le de synchronisation neuronale par des stimulations bilat\u00e9rales altern\u00e9es telles qu\u2019utilis\u00e9es dans la th\u00e9rapie EMDR (mouvements oculaires, sons ou stimulations tactiles).<\/p>\n\n\n\n<p>Contrairement aux autres th\u00e9rapies, MOSAIC permet de faire l\u2019exp\u00e9rience dans le corps des solutions pr\u00e9sentes en chacun de nous sans se focaliser sur le probl\u00e8me et son historique.<\/p>\n\n\n\n<p>Les stimulations altern\u00e9es permettent d\u2019amplifier les r\u00e9seaux des solutions pour que ces solutions s\u2019impl\u00e9mentent dans la vie des personnes en souffrance et apportent les transformations n\u00e9cessaires.<\/p>\n\n\n\n<p>La th\u00e9rapie MOSAIC permet donc de sortir des techniques d\u2019exposition aux m\u00e9moires douloureuses pour des s\u00e9ances plus douces et agr\u00e9ables, d\u2019une grande efficacit\u00e9.<\/p>\n\n\n\n<p>Cette th\u00e9rapie s\u2019adresse \u00e0 tous types de pathologies et souffrances psychologiques.&nbsp;\u00bb Plus de renseignements sont disponibles sur <a href=\"http:\/\/therapiemosaic.com\" target=\"_blank\" rel=\"noreferrer noopener\">therapiemosaic.com<\/a><\/p>\n<\/div>\n<\/div><\/div>\n\n\n\n<div class=\"wp-block-columns is-layout-flex wp-container-core-columns-is-layout-9d6595d7 wp-block-columns-is-layout-flex\">\n<div class=\"wp-block-column is-layout-flow wp-block-column-is-layout-flow\">\n<div class=\"wp-block-columns alignfull is-layout-flex wp-container-core-columns-is-layout-9d6595d7 wp-block-columns-is-layout-flex\">\n<div class=\"wp-block-column is-vertically-aligned-stretch is-layout-flow wp-block-column-is-layout-flow\">\n<div class=\"wp-block-buttons is-content-justification-center is-layout-flex wp-container-core-buttons-is-layout-16018d1d wp-block-buttons-is-layout-flex\">\n<div class=\"wp-block-button\" style=\"text-transform:capitalize\"><a class=\"wp-block-button__link has-background wp-element-button\" href=\"https:\/\/elisecupelin.fr\/index.php\/prendre-rdv\/\" style=\"border-radius:50px;background-color:#fb5767\">Prendre rendez-vous<\/a><\/div>\n<\/div>\n<\/div>\n<\/div>\n<\/div>\n<\/div>\n\n\n\n<div class=\"wp-block-cover alignfull is-light\" style=\"min-height:20vh;aspect-ratio:unset;\" id=\"collaborations\"><span aria-hidden=\"true\" class=\"wp-block-cover__background has-background-background-color has-background-dim-100 has-background-dim\"><\/span><div class=\"wp-block-cover__inner-container is-layout-constrained wp-block-cover-is-layout-constrained\">\n<hr class=\"wp-block-separator alignwide has-alpha-channel-opacity is-style-wide\"\/>\n\n\n\n<h2 class=\"wp-block-heading alignfull has-text-align-center has-text-color has-link-color wp-elements-7b9d00c0ec1a3282a9f413b603e129bc\" style=\"color:#333333\">Collaborations<\/h2>\n<\/div><\/div>\n\n\n\n<div class=\"wp-block-cover alignfull has-parallax\" style=\"min-height:100vh;aspect-ratio:unset;\"><span aria-hidden=\"true\" class=\"wp-block-cover__background has-primary-background-color has-background-dim-10 has-background-dim\"><\/span><div role=\"img\" aria-label=\"le_lab_dudesir\" class=\"wp-block-cover__image-background wp-image-612 has-parallax\" style=\"background-position:50% 50%;background-image:url(http:\/\/elisecupelin.fr\/wp-content\/uploads\/2024\/03\/laura-crowe-vsrEr7otP2o-unsplash-scaled.jpg)\"><\/div><div class=\"wp-block-cover__inner-container is-layout-constrained wp-block-cover-is-layout-constrained\">\n<div class=\"wp-block-columns has-primary-color has-text-color has-background has-link-color wp-elements-20e5d2acdbd37c1066df424081edb037 is-layout-flex wp-container-core-columns-is-layout-9d6595d7 wp-block-columns-is-layout-flex\" style=\"background-color:#ffffffba\">\n<div class=\"wp-block-column is-vertically-aligned-center is-layout-flow wp-block-column-is-layout-flow\">\n<p>Au gr\u00e9 des rencontres professionnelles nourrissantes et inspirantes, j\u2019ai tiss\u00e9 des relations amicales porteuses de projets th\u00e9rapeutiques.<\/p>\n\n\n\n<p>Je cr\u00e9e des collaborations avec des th\u00e9rapeutes et artistes pour exp\u00e9rimenter, par des ateliers ou des stages, <strong>le_lab_dudesir<\/strong>, <strong>un laboratoire du d\u00e9sir et des plaisirs<\/strong>.<\/p>\n\n\n\n<p>Des <strong>COLLABORATIONS <\/strong>pour mettre en valeur les <strong>PROCESSUS CREATIFS<\/strong> qui am\u00e8nent \u00e0 vivre l\u2019<strong>INSTANT PRESENT<\/strong> et la <strong>CREATIVITE<\/strong><\/p>\n\n\n<div class=\"wp-block-image\">\n<figure class=\"aligncenter size-full is-resized\"><img loading=\"lazy\" decoding=\"async\" width=\"768\" height=\"592\" src=\"https:\/\/elisecupelin.fr\/wp-content\/uploads\/2024\/03\/nuage-de-mots-2.jpg\" alt=\"d\u00e9sirs\" class=\"wp-image-420\" style=\"width:305px;height:auto\" srcset=\"https:\/\/www.elisecupelin.fr\/wp-content\/uploads\/2024\/03\/nuage-de-mots-2.jpg 768w, https:\/\/www.elisecupelin.fr\/wp-content\/uploads\/2024\/03\/nuage-de-mots-2-300x231.jpg 300w\" sizes=\"auto, (max-width: 768px) 100vw, 768px\" \/><\/figure>\n<\/div><\/div>\n<\/div>\n<\/div><\/div>\n\n\n\n<div class=\"wp-block-query is-layout-flow wp-block-query-is-layout-flow\"><\/div>\n","protected":false},"excerpt":{"rendered":"","protected":false},"author":1,"featured_media":0,"parent":0,"menu_order":0,"comment_status":"closed","ping_status":"closed","template":"","meta":{"_seopress_robots_primary_cat":"","_seopress_titles_title":"","_seopress_titles_desc":"","_seopress_robots_index":"","footnotes":""},"class_list":["post-152","page","type-page","status-publish","hentry"],"_links":{"self":[{"href":"https:\/\/www.elisecupelin.fr\/index.php\/wp-json\/wp\/v2\/pages\/152","targetHints":{"allow":["GET"]}}],"collection":[{"href":"https:\/\/www.elisecupelin.fr\/index.php\/wp-json\/wp\/v2\/pages"}],"about":[{"href":"https:\/\/www.elisecupelin.fr\/index.php\/wp-json\/wp\/v2\/types\/page"}],"author":[{"embeddable":true,"href":"https:\/\/www.elisecupelin.fr\/index.php\/wp-json\/wp\/v2\/users\/1"}],"replies":[{"embeddable":true,"href":"https:\/\/www.elisecupelin.fr\/index.php\/wp-json\/wp\/v2\/comments?post=152"}],"version-history":[{"count":131,"href":"https:\/\/www.elisecupelin.fr\/index.php\/wp-json\/wp\/v2\/pages\/152\/revisions"}],"predecessor-version":[{"id":1116,"href":"https:\/\/www.elisecupelin.fr\/index.php\/wp-json\/wp\/v2\/pages\/152\/revisions\/1116"}],"wp:attachment":[{"href":"https:\/\/www.elisecupelin.fr\/index.php\/wp-json\/wp\/v2\/media?parent=152"}],"curies":[{"name":"wp","href":"https:\/\/api.w.org\/{rel}","templated":true}]}}